{"id":17544,"date":"2025-03-05T00:22:25","date_gmt":"2025-03-05T05:22:25","guid":{"rendered":"https:\/\/www.cupssupplier.com\/product\/custom-cute-stainless-steel-tumblers\/"},"modified":"2025-04-17T02:31:34","modified_gmt":"2025-04-17T06:31:34","slug":"custom-cute-stainless-steel-tumblers","status":"publish","type":"product","link":"https:\/\/www.cupssupplier.com\/de\/custom-cute-stainless-steel-tumblers\/","title":{"rendered":"Niedlicher, Anpassbarer Edelstahl-Thermobecher"},"content":{"rendered":"<p data-pm-slice=\"1 1 []\">\u00a0<strong data-start=\"2129\" data-end=\"2212\">Niedlicher, Anpassbarer Edelstahl-Thermobecher \u2013 Mit Strohhalm &amp; Charm-Anh\u00e4nger<\/strong><\/p>\n<p class=\"\" data-start=\"2214\" data-end=\"2557\">Dieser Becher besticht durch sein sanftes Pastellrosa in Kombination mit einem schwarzen Deckel und Griffring \u2013 ein modernes, stilvolles Design. Der integrierte Strohhalm mit schwarzer Kappe sorgt f\u00fcr Komfort und Eleganz. Besonderes Highlight ist der niedliche Charm-Anh\u00e4nger in Rosa und Schwarz \u2013 ein verspieltes Detail mit Schl\u00fcsselanh\u00e4nger.<\/p>\n<p class=\"\" data-start=\"2559\" data-end=\"2801\">Bleiben Sie stilvoll und gut hydriert mit unserem niedlichen Edelstahl-Thermobecher \u2013 eine perfekte Mischung aus Funktionalit\u00e4t und trendigem Design. Hergestellt aus hochwertigem Edelstahl, h\u00e4lt er Ihre Getr\u00e4nke frisch und perfekt temperiert.<\/p>\n<p class=\"\" data-start=\"2803\" data-end=\"2824\"><strong data-start=\"2803\" data-end=\"2824\">Premium-Merkmale:<\/strong><\/p>\n<ul data-start=\"2825\" data-end=\"3400\">\n<li class=\"\" data-start=\"2825\" data-end=\"2899\">\n<p class=\"\" data-start=\"2827\" data-end=\"2899\"><strong data-start=\"2827\" data-end=\"2840\">Material:<\/strong> Robuste Edelstahlkonstruktion f\u00fcr langanhaltende Nutzung<\/p>\n<\/li>\n<li class=\"\" data-start=\"2900\" data-end=\"2994\">\n<p class=\"\" data-start=\"2902\" data-end=\"2994\"><strong data-start=\"2902\" data-end=\"2926\">Strohhalm mit Kappe:<\/strong> Eingebauter Strohhalm mit Schutzkappe f\u00fcr auslaufsicheres Trinken<\/p>\n<\/li>\n<li class=\"\" data-start=\"2995\" data-end=\"3069\">\n<p class=\"\" data-start=\"2997\" data-end=\"3069\"><strong data-start=\"2997\" data-end=\"3026\">Doppelwandige Isolierung:<\/strong> H\u00e4lt Getr\u00e4nke stundenlang hei\u00df oder kalt<\/p>\n<\/li>\n<li class=\"\" data-start=\"3070\" data-end=\"3144\">\n<p class=\"\" data-start=\"3072\" data-end=\"3144\"><strong data-start=\"3072\" data-end=\"3089\">Komfortgriff:<\/strong> Schwarzer Silikonring f\u00fcr sicheren und bequemen Halt<\/p>\n<\/li>\n<li class=\"\" data-start=\"3145\" data-end=\"3235\">\n<p class=\"\" data-start=\"3147\" data-end=\"3235\"><strong data-start=\"3147\" data-end=\"3166\">S\u00fc\u00dfer Anh\u00e4nger:<\/strong> Inklusive dekorativem Schl\u00fcsselanh\u00e4nger f\u00fcr einen niedlichen Touch<\/p>\n<\/li>\n<li class=\"\" data-start=\"3236\" data-end=\"3332\">\n<p class=\"\" data-start=\"3238\" data-end=\"3332\"><strong data-start=\"3238\" data-end=\"3262\">Individuelle Farben:<\/strong> In allen Farben erh\u00e4ltlich \u2013 passend zu Ihrem Stil oder Ihrer Marke<\/p>\n<\/li>\n<li class=\"\" data-start=\"3333\" data-end=\"3400\">\n<p class=\"\" data-start=\"3335\" data-end=\"3400\"><strong data-start=\"3335\" data-end=\"3354\">Perfekte Gr\u00f6\u00dfe:<\/strong> Ideal f\u00fcr unterwegs, im B\u00fcro oder im Alltag<\/p>\n<\/li>\n<\/ul>\n<p>&nbsp;<\/p>\n<p><img loading=\"lazy\" decoding=\"async\" class=\"aligncenter wp-image-16469 size-full\" src=\"https:\/\/www.cupssupplier.com\/wp-content\/uploads\/2025\/03\/1-9.webp\" alt=\"custom cute stainless steel tumblers\" width=\"790\" height=\"867\" srcset=\"https:\/\/www.cupssupplier.com\/wp-content\/uploads\/2025\/03\/1-9.webp 790w, https:\/\/www.cupssupplier.com\/wp-content\/uploads\/2025\/03\/1-9-273x300.webp 273w, https:\/\/www.cupssupplier.com\/wp-content\/uploads\/2025\/03\/1-9-768x843.webp 768w, https:\/\/www.cupssupplier.com\/wp-content\/uploads\/2025\/03\/1-9-300x329.webp 300w, https:\/\/www.cupssupplier.com\/wp-content\/uploads\/2025\/03\/1-9-600x658.webp 600w\" sizes=\"auto, (max-width: 790px) 100vw, 790px\" title=\"\"><img loading=\"lazy\" decoding=\"async\" class=\"wp-image-16470 size-full aligncenter\" src=\"https:\/\/www.cupssupplier.com\/wp-content\/uploads\/2025\/03\/2-10.webp\" alt=\"custom cute stainless steel tumblers\" width=\"790\" height=\"801\" srcset=\"https:\/\/www.cupssupplier.com\/wp-content\/uploads\/2025\/03\/2-10.webp 790w, https:\/\/www.cupssupplier.com\/wp-content\/uploads\/2025\/03\/2-10-296x300.webp 296w, https:\/\/www.cupssupplier.com\/wp-content\/uploads\/2025\/03\/2-10-768x779.webp 768w, https:\/\/www.cupssupplier.com\/wp-content\/uploads\/2025\/03\/2-10-300x304.webp 300w, https:\/\/www.cupssupplier.com\/wp-content\/uploads\/2025\/03\/2-10-600x608.webp 600w, https:\/\/www.cupssupplier.com\/wp-content\/uploads\/2025\/03\/2-10-100x100.webp 100w\" sizes=\"auto, (max-width: 790px) 100vw, 790px\" title=\"\"><img loading=\"lazy\" decoding=\"async\" class=\"wp-image-16471 size-full aligncenter\" src=\"https:\/\/www.cupssupplier.com\/wp-content\/uploads\/2025\/03\/3-10.webp\" alt=\"custom cute stainless steel tumblers\" width=\"790\" height=\"1095\" srcset=\"https:\/\/www.cupssupplier.com\/wp-content\/uploads\/2025\/03\/3-10.webp 790w, https:\/\/www.cupssupplier.com\/wp-content\/uploads\/2025\/03\/3-10-216x300.webp 216w, https:\/\/www.cupssupplier.com\/wp-content\/uploads\/2025\/03\/3-10-739x1024.webp 739w, https:\/\/www.cupssupplier.com\/wp-content\/uploads\/2025\/03\/3-10-768x1065.webp 768w, https:\/\/www.cupssupplier.com\/wp-content\/uploads\/2025\/03\/3-10-300x416.webp 300w, https:\/\/www.cupssupplier.com\/wp-content\/uploads\/2025\/03\/3-10-600x832.webp 600w\" sizes=\"auto, (max-width: 790px) 100vw, 790px\" title=\"\"><img loading=\"lazy\" decoding=\"async\" class=\"wp-image-16472 size-full aligncenter\" src=\"https:\/\/www.cupssupplier.com\/wp-content\/uploads\/2025\/03\/4-8.webp\" alt=\"custom cute stainless steel tumblers\" width=\"790\" height=\"1173\" srcset=\"https:\/\/www.cupssupplier.com\/wp-content\/uploads\/2025\/03\/4-8.webp 790w, https:\/\/www.cupssupplier.com\/wp-content\/uploads\/2025\/03\/4-8-202x300.webp 202w, https:\/\/www.cupssupplier.com\/wp-content\/uploads\/2025\/03\/4-8-690x1024.webp 690w, https:\/\/www.cupssupplier.com\/wp-content\/uploads\/2025\/03\/4-8-768x1140.webp 768w, https:\/\/www.cupssupplier.com\/wp-content\/uploads\/2025\/03\/4-8-300x445.webp 300w, https:\/\/www.cupssupplier.com\/wp-content\/uploads\/2025\/03\/4-8-600x891.webp 600w\" sizes=\"auto, (max-width: 790px) 100vw, 790px\" title=\"\"><img loading=\"lazy\" decoding=\"async\" class=\"wp-image-16473 size-full aligncenter\" src=\"https:\/\/www.cupssupplier.com\/wp-content\/uploads\/2025\/03\/5-5.webp\" alt=\"custom cute stainless steel tumblers\" width=\"790\" height=\"1183\" srcset=\"https:\/\/www.cupssupplier.com\/wp-content\/uploads\/2025\/03\/5-5.webp 790w, https:\/\/www.cupssupplier.com\/wp-content\/uploads\/2025\/03\/5-5-200x300.webp 200w, https:\/\/www.cupssupplier.com\/wp-content\/uploads\/2025\/03\/5-5-684x1024.webp 684w, https:\/\/www.cupssupplier.com\/wp-content\/uploads\/2025\/03\/5-5-768x1150.webp 768w, https:\/\/www.cupssupplier.com\/wp-content\/uploads\/2025\/03\/5-5-300x449.webp 300w, https:\/\/www.cupssupplier.com\/wp-content\/uploads\/2025\/03\/5-5-600x898.webp 600w\" sizes=\"auto, (max-width: 790px) 100vw, 790px\" title=\"\"><img loading=\"lazy\" decoding=\"async\" class=\"wp-image-16474 size-full aligncenter\" src=\"https:\/\/www.cupssupplier.com\/wp-content\/uploads\/2025\/03\/6-6.webp\" alt=\"custom cute stainless steel tumblers\" width=\"790\" height=\"1065\" srcset=\"https:\/\/www.cupssupplier.com\/wp-content\/uploads\/2025\/03\/6-6.webp 790w, https:\/\/www.cupssupplier.com\/wp-content\/uploads\/2025\/03\/6-6-223x300.webp 223w, https:\/\/www.cupssupplier.com\/wp-content\/uploads\/2025\/03\/6-6-760x1024.webp 760w, https:\/\/www.cupssupplier.com\/wp-content\/uploads\/2025\/03\/6-6-768x1035.webp 768w, https:\/\/www.cupssupplier.com\/wp-content\/uploads\/2025\/03\/6-6-300x404.webp 300w, https:\/\/www.cupssupplier.com\/wp-content\/uploads\/2025\/03\/6-6-600x809.webp 600w\" sizes=\"auto, (max-width: 790px) 100vw, 790px\" title=\"\"><img loading=\"lazy\" decoding=\"async\" class=\"wp-image-16475 size-full aligncenter\" src=\"https:\/\/www.cupssupplier.com\/wp-content\/uploads\/2025\/03\/7-1.webp\" alt=\"custom cute stainless steel tumblers\" width=\"790\" height=\"1165\" srcset=\"https:\/\/www.cupssupplier.com\/wp-content\/uploads\/2025\/03\/7-1.webp 790w, https:\/\/www.cupssupplier.com\/wp-content\/uploads\/2025\/03\/7-1-203x300.webp 203w, https:\/\/www.cupssupplier.com\/wp-content\/uploads\/2025\/03\/7-1-694x1024.webp 694w, https:\/\/www.cupssupplier.com\/wp-content\/uploads\/2025\/03\/7-1-768x1133.webp 768w, https:\/\/www.cupssupplier.com\/wp-content\/uploads\/2025\/03\/7-1-300x442.webp 300w, https:\/\/www.cupssupplier.com\/wp-content\/uploads\/2025\/03\/7-1-600x885.webp 600w\" sizes=\"auto, (max-width: 790px) 100vw, 790px\" title=\"\"><img loading=\"lazy\" decoding=\"async\" class=\"wp-image-16476 size-full aligncenter\" src=\"https:\/\/www.cupssupplier.com\/wp-content\/uploads\/2025\/03\/8-1.webp\" alt=\"custom cute stainless steel tumblers\" width=\"790\" height=\"810\" srcset=\"https:\/\/www.cupssupplier.com\/wp-content\/uploads\/2025\/03\/8-1.webp 790w, https:\/\/www.cupssupplier.com\/wp-content\/uploads\/2025\/03\/8-1-293x300.webp 293w, https:\/\/www.cupssupplier.com\/wp-content\/uploads\/2025\/03\/8-1-768x787.webp 768w, https:\/\/www.cupssupplier.com\/wp-content\/uploads\/2025\/03\/8-1-300x308.webp 300w, https:\/\/www.cupssupplier.com\/wp-content\/uploads\/2025\/03\/8-1-600x615.webp 600w\" sizes=\"auto, (max-width: 790px) 100vw, 790px\" title=\"\"><img loading=\"lazy\" decoding=\"async\" class=\"wp-image-16477 size-full aligncenter\" src=\"https:\/\/www.cupssupplier.com\/wp-content\/uploads\/2025\/03\/9-1.webp\" alt=\"custom cute stainless steel tumblers\" width=\"790\" height=\"1947\" srcset=\"https:\/\/www.cupssupplier.com\/wp-content\/uploads\/2025\/03\/9-1.webp 790w, https:\/\/www.cupssupplier.com\/wp-content\/uploads\/2025\/03\/9-1-122x300.webp 122w, https:\/\/www.cupssupplier.com\/wp-content\/uploads\/2025\/03\/9-1-415x1024.webp 415w, https:\/\/www.cupssupplier.com\/wp-content\/uploads\/2025\/03\/9-1-768x1893.webp 768w, https:\/\/www.cupssupplier.com\/wp-content\/uploads\/2025\/03\/9-1-623x1536.webp 623w, https:\/\/www.cupssupplier.com\/wp-content\/uploads\/2025\/03\/9-1-300x739.webp 300w, https:\/\/www.cupssupplier.com\/wp-content\/uploads\/2025\/03\/9-1-600x1479.webp 600w\" sizes=\"auto, (max-width: 790px) 100vw, 790px\" title=\"\"><\/p>\n<p data-pm-slice=\"1 1 []\">Suchen Sie trendige, anpassbare Edelstahlbecher? Gro\u00dfhandel und individuelle Markenanpassung verf\u00fcgbar! Kontaktieren Sie uns jetzt, um Ihren eigenen Becher mit personalisierter Farbe und Logodruck zu gestalten.<\/p>\n<p>&nbsp;<\/p>\n","protected":false},"excerpt":{"rendered":"<h3 class=\"\" data-start=\"909\" data-end=\"1061\"><strong data-start=\"918\" data-end=\"1059\">Verleihen Sie Ihrer t\u00e4glichen Hydration einen Hauch von Niedlichkeit mit unseren individuell gestaltbaren, s\u00fc\u00dfen Edelstahl-Thermobechern!<\/strong><\/h3>\n<p class=\"\" data-start=\"1062\" data-end=\"1411\">Diese Becher wurden f\u00fcr Stil und Funktionalit\u00e4t entworfen und verf\u00fcgen \u00fcber einen integrierten Strohhalm mit Deckel, einen ergonomischen Griff und einen bezaubernden Anh\u00e4nger. Ideal, um Getr\u00e4nke \u2013 ob hei\u00df oder kalt \u2013 auf perfekter Temperatur zu halten. In allen Wunschfarben erh\u00e4ltlich und perfekt f\u00fcr Markenanpassung oder den pers\u00f6nlichen Gebrauch.<\/p>\n","protected":false},"featured_media":17545,"template":"","meta":{"om_disable_all_campaigns":false},"product_brand":[],"product_cat":[290],"product_tag":[],"class_list":{"0":"post-17544","1":"product","2":"type-product","3":"status-publish","4":"has-post-thumbnail","6":"product_cat-trinkbecher","8":"first","9":"instock","10":"shipping-taxable","11":"product-type-simple"},"_links":{"self":[{"href":"https:\/\/www.cupssupplier.com\/de\/wp-json\/wp\/v2\/product\/17544","targetHints":{"allow":["GET"]}}],"collection":[{"href":"https:\/\/www.cupssupplier.com\/de\/wp-json\/wp\/v2\/product"}],"about":[{"href":"https:\/\/www.cupssupplier.com\/de\/wp-json\/wp\/v2\/types\/product"}],"wp:featuredmedia":[{"embeddable":true,"href":"https:\/\/www.cupssupplier.com\/de\/wp-json\/wp\/v2\/media\/17545"}],"wp:attachment":[{"href":"https:\/\/www.cupssupplier.com\/de\/wp-json\/wp\/v2\/media?parent=17544"}],"wp:term":[{"taxonomy":"product_brand","embeddable":true,"href":"https:\/\/www.cupssupplier.com\/de\/wp-json\/wp\/v2\/product_brand?post=17544"},{"taxonomy":"product_cat","embeddable":true,"href":"https:\/\/www.cupssupplier.com\/de\/wp-json\/wp\/v2\/product_cat?post=17544"},{"taxonomy":"product_tag","embeddable":true,"href":"https:\/\/www.cupssupplier.com\/de\/wp-json\/wp\/v2\/product_tag?post=17544"}],"curies":[{"name":"wp","href":"https:\/\/api.w.org\/{rel}","templated":true}]}}