{"id":17411,"date":"2025-03-05T10:05:18","date_gmt":"2025-03-05T15:05:18","guid":{"rendered":"https:\/\/www.cupssupplier.com\/product\/stainless-steel-milk-tea-tumbler\/"},"modified":"2025-04-17T01:41:38","modified_gmt":"2025-04-17T05:41:38","slug":"stainless-steel-milk-tea-tumbler","status":"publish","type":"product","link":"https:\/\/www.cupssupplier.com\/de\/stainless-steel-milk-tea-tumbler\/","title":{"rendered":"Edelstahl-Milchtee-Becher"},"content":{"rendered":"<p data-pm-slice=\"1 1 []\"><strong>Edelstahl-Milchtee-Becher \u2013 Individuelle Farben &amp; Logo-Druck verf\u00fcgbar<\/strong><\/p>\n<p class=\"\" data-start=\"2205\" data-end=\"2614\">Dieser Becher besticht durch ein modernes, elegantes Design mit angenehmem Griff. Der neutrale Beigeton verleiht einen Hauch von Eleganz, w\u00e4hrend der ergonomische Strohhalmdeckel das Trinken erleichtert. Das magnetische Deckelfach verhindert ein Verlieren des Deckels, und der Schraubdeckel mit Staubschutz sorgt f\u00fcr Hygiene und Sicherheit. Kompakt und stilvoll \u2013 der perfekte Begleiter f\u00fcr Alltag und Genuss.<\/p>\n<p class=\"\" data-start=\"2616\" data-end=\"3000\">Werten Sie Ihre Trinkgeschirrsammlung mit unserem Edelstahl-Milchtee-Becher auf \u2013 eine perfekte Kombination aus Stil und Funktionalit\u00e4t. Aus hochwertigem Edelstahl gefertigt, garantiert dieser Becher Langlebigkeit und Best\u00e4ndigkeit. Dank der doppelwandigen Isolierung bleiben Ihre Getr\u00e4nke \u00fcber Stunden hei\u00df oder kalt \u2013 ideal f\u00fcr Milchtee, Kaffee, S\u00e4fte oder andere Lieblingsgetr\u00e4nke.<\/p>\n<p class=\"\" data-start=\"3002\" data-end=\"3025\"><strong data-start=\"3002\" data-end=\"3023\">Premium-Merkmale:<\/strong><\/p>\n<ul data-start=\"3026\" data-end=\"3544\">\n<li class=\"\" data-start=\"3026\" data-end=\"3083\">\n<p class=\"\" data-start=\"3028\" data-end=\"3083\"><strong data-start=\"3028\" data-end=\"3041\">Material:<\/strong> 18\/8 Edelstahl \u2013 rostfrei und langlebig<\/p>\n<\/li>\n<li class=\"\" data-start=\"3084\" data-end=\"3155\">\n<p class=\"\" data-start=\"3086\" data-end=\"3155\"><strong data-start=\"3086\" data-end=\"3112\">Doppelwand-Isolierung:<\/strong> H\u00e4lt Getr\u00e4nke stundenlang auf Temperatur<\/p>\n<\/li>\n<li class=\"\" data-start=\"3156\" data-end=\"3222\">\n<p class=\"\" data-start=\"3158\" data-end=\"3222\"><strong data-start=\"3158\" data-end=\"3185\">Auslaufsicherer Deckel:<\/strong> Verhindert Tropfen und Versch\u00fctten<\/p>\n<\/li>\n<li class=\"\" data-start=\"3223\" data-end=\"3301\">\n<p class=\"\" data-start=\"3225\" data-end=\"3301\"><strong data-start=\"3225\" data-end=\"3250\">Strohhalm-kompatibel:<\/strong> Mit integriertem Strohhalm f\u00fcr einfaches Trinken<\/p>\n<\/li>\n<li class=\"\" data-start=\"3302\" data-end=\"3397\">\n<p class=\"\" data-start=\"3304\" data-end=\"3397\"><strong data-start=\"3304\" data-end=\"3328\">Individuelle Farben:<\/strong> W\u00e4hlen Sie aus verschiedenen Farben f\u00fcr Ihre Marke oder Ihren Stil<\/p>\n<\/li>\n<li class=\"\" data-start=\"3398\" data-end=\"3465\">\n<p class=\"\" data-start=\"3400\" data-end=\"3465\"><strong data-start=\"3400\" data-end=\"3419\">Logo-Anpassung:<\/strong> Siebdruck, Lasergravur und 3D-Druck m\u00f6glich<\/p>\n<\/li>\n<li class=\"\" data-start=\"3466\" data-end=\"3544\">\n<p class=\"\" data-start=\"3468\" data-end=\"3544\"><strong data-start=\"3468\" data-end=\"3489\">Tragbar &amp; Leicht:<\/strong> Ideal f\u00fcr Reisen, Arbeit oder den t\u00e4glichen Gebrauch<\/p>\n<\/li>\n<\/ul>\n<p><img loading=\"lazy\" decoding=\"async\" class=\"aligncenter wp-image-16496 size-full\" src=\"https:\/\/www.cupssupplier.com\/wp-content\/uploads\/2025\/03\/1-11.webp\" alt=\"stainless steel milk tea tumbler\" width=\"750\" height=\"1981\" srcset=\"https:\/\/www.cupssupplier.com\/wp-content\/uploads\/2025\/03\/1-11.webp 750w, https:\/\/www.cupssupplier.com\/wp-content\/uploads\/2025\/03\/1-11-114x300.webp 114w, https:\/\/www.cupssupplier.com\/wp-content\/uploads\/2025\/03\/1-11-388x1024.webp 388w, https:\/\/www.cupssupplier.com\/wp-content\/uploads\/2025\/03\/1-11-582x1536.webp 582w, https:\/\/www.cupssupplier.com\/wp-content\/uploads\/2025\/03\/1-11-300x792.webp 300w, https:\/\/www.cupssupplier.com\/wp-content\/uploads\/2025\/03\/1-11-600x1585.webp 600w\" sizes=\"auto, (max-width: 750px) 100vw, 750px\" title=\"\"><img loading=\"lazy\" decoding=\"async\" class=\"aligncenter wp-image-16497 size-full\" src=\"https:\/\/www.cupssupplier.com\/wp-content\/uploads\/2025\/03\/2-13-e1741187894815.webp\" alt=\"stainless steel milk tea tumbler\" width=\"750\" height=\"3698\" srcset=\"https:\/\/www.cupssupplier.com\/wp-content\/uploads\/2025\/03\/2-13-e1741187894815.webp 750w, https:\/\/www.cupssupplier.com\/wp-content\/uploads\/2025\/03\/2-13-e1741187894815-61x300.webp 61w, https:\/\/www.cupssupplier.com\/wp-content\/uploads\/2025\/03\/2-13-e1741187894815-300x1479.webp 300w, https:\/\/www.cupssupplier.com\/wp-content\/uploads\/2025\/03\/2-13-e1741187894815-600x2958.webp 600w\" sizes=\"auto, (max-width: 750px) 100vw, 750px\" title=\"\"><img loading=\"lazy\" decoding=\"async\" class=\"wp-image-16498 size-full aligncenter\" src=\"https:\/\/www.cupssupplier.com\/wp-content\/uploads\/2025\/03\/3-13-e1741187621640.webp\" alt=\"stainless steel milk tea tumbler\" width=\"750\" height=\"1302\" srcset=\"https:\/\/www.cupssupplier.com\/wp-content\/uploads\/2025\/03\/3-13-e1741187621640.webp 750w, https:\/\/www.cupssupplier.com\/wp-content\/uploads\/2025\/03\/3-13-e1741187621640-173x300.webp 173w, https:\/\/www.cupssupplier.com\/wp-content\/uploads\/2025\/03\/3-13-e1741187621640-590x1024.webp 590w, https:\/\/www.cupssupplier.com\/wp-content\/uploads\/2025\/03\/3-13-e1741187621640-300x521.webp 300w, https:\/\/www.cupssupplier.com\/wp-content\/uploads\/2025\/03\/3-13-e1741187621640-600x1042.webp 600w\" sizes=\"auto, (max-width: 750px) 100vw, 750px\" title=\"\"><\/p>\n<p data-pm-slice=\"1 1 []\">Suchen Sie nach einem stilvollen und funktionalen Becher f\u00fcr Ihr Unternehmen oder den pers\u00f6nlichen Gebrauch? Gestalten Sie jetzt Ihren eigenen Edelstahl-Milchtee-Becher! Wir bieten Gro\u00dfhandelspreise und Logo-Anpassung f\u00fcr effektives Branding. Kontaktieren Sie uns f\u00fcr ein Angebot und starten Sie Ihre eigene Becherkollektion!<\/p>\n","protected":false},"excerpt":{"rendered":"<h3 class=\"\" data-start=\"813\" data-end=\"907\"><strong data-start=\"822\" data-end=\"905\">Genie\u00dfen Sie Ihren Lieblingstee stilvoll mit unserem Edelstahl-Milchtee-Becher!<\/strong><\/h3>\n<p class=\"\" data-start=\"908\" data-end=\"1160\">Mit seinem schlanken, langlebigen Design h\u00e4lt dieser Becher Ihre Getr\u00e4nke frisch und auf der perfekten Temperatur. Erh\u00e4ltlich in individuellen Farben und mit verschiedenen Logo-Druckoptionen \u2013 ideal f\u00fcr den pers\u00f6nlichen Gebrauch oder zur Markenwerbung.<\/p>\n","protected":false},"featured_media":17412,"template":"","meta":{"om_disable_all_campaigns":false},"product_brand":[],"product_cat":[290],"product_tag":[],"class_list":{"0":"post-17411","1":"product","2":"type-product","3":"status-publish","4":"has-post-thumbnail","6":"product_cat-trinkbecher","8":"first","9":"instock","10":"shipping-taxable","11":"product-type-simple"},"_links":{"self":[{"href":"https:\/\/www.cupssupplier.com\/de\/wp-json\/wp\/v2\/product\/17411","targetHints":{"allow":["GET"]}}],"collection":[{"href":"https:\/\/www.cupssupplier.com\/de\/wp-json\/wp\/v2\/product"}],"about":[{"href":"https:\/\/www.cupssupplier.com\/de\/wp-json\/wp\/v2\/types\/product"}],"wp:featuredmedia":[{"embeddable":true,"href":"https:\/\/www.cupssupplier.com\/de\/wp-json\/wp\/v2\/media\/17412"}],"wp:attachment":[{"href":"https:\/\/www.cupssupplier.com\/de\/wp-json\/wp\/v2\/media?parent=17411"}],"wp:term":[{"taxonomy":"product_brand","embeddable":true,"href":"https:\/\/www.cupssupplier.com\/de\/wp-json\/wp\/v2\/product_brand?post=17411"},{"taxonomy":"product_cat","embeddable":true,"href":"https:\/\/www.cupssupplier.com\/de\/wp-json\/wp\/v2\/product_cat?post=17411"},{"taxonomy":"product_tag","embeddable":true,"href":"https:\/\/www.cupssupplier.com\/de\/wp-json\/wp\/v2\/product_tag?post=17411"}],"curies":[{"name":"wp","href":"https:\/\/api.w.org\/{rel}","templated":true}]}}