{"id":17314,"date":"2025-03-06T03:59:39","date_gmt":"2025-03-06T08:59:39","guid":{"rendered":"https:\/\/www.cupssupplier.com\/product\/car-stainless-steel-water-bottle\/"},"modified":"2025-04-17T01:03:19","modified_gmt":"2025-04-17T05:03:19","slug":"car-stainless-steel-water-bottle","status":"publish","type":"product","link":"https:\/\/www.cupssupplier.com\/de\/car-stainless-steel-water-bottle\/","title":{"rendered":"Edelstahl-Wasserflasche f\u00fcr das Auto"},"content":{"rendered":"<p data-pm-slice=\"1 1 []\">\u00a0<strong data-start=\"2206\" data-end=\"2273\">Edelstahl-Wasserflasche f\u00fcr das Auto \u2013 Isoliert &amp; Auslaufsicher<\/strong><\/p>\n<p class=\"\" data-start=\"2275\" data-end=\"2616\">Diese Wasserflasche besticht durch ein mattes Finish in neutralem Taupe und \u00fcberzeugt mit einem modernen, minimalistischen Design. Der ergonomische Deckel verf\u00fcgt \u00fcber einen integrierten Tragegriff, w\u00e4hrend der schlanke K\u00f6rper f\u00fcr einen angenehmen Halt sorgt. Ihr eleganter Look macht sie ideal f\u00fcr den Einsatz im Beruf oder in der Freizeit.<\/p>\n<p class=\"\" data-start=\"2618\" data-end=\"2960\">Verbessern Sie Ihr Trinkerlebnis mit der Edelstahl-Wasserflasche f\u00fcrs Auto \u2013 eine perfekte Kombination aus Funktionalit\u00e4t und Eleganz. Hergestellt aus hochwertigem Edelstahl, rostfrei, BPA-frei und langlebig. Die doppelwandige Isolierung h\u00e4lt Getr\u00e4nke stundenlang hei\u00df oder kalt \u2013 perfekt f\u00fcr lange Autofahrten oder den Weg ins Fitnessstudio.<\/p>\n<p class=\"\" data-start=\"2962\" data-end=\"2980\"><strong data-start=\"2962\" data-end=\"2980\">Hauptmerkmale:<\/strong><\/p>\n<ul data-start=\"2982\" data-end=\"3514\">\n<li class=\"\" data-start=\"2982\" data-end=\"3096\">\n<p class=\"\" data-start=\"2984\" data-end=\"3096\"><strong data-start=\"2984\" data-end=\"3010\">Hochwertiger Edelstahl<\/strong>: Langlebig, korrosionsbest\u00e4ndig und BPA-frei f\u00fcr sicheren und dauerhaften Gebrauch.<\/p>\n<\/li>\n<li class=\"\" data-start=\"3097\" data-end=\"3202\">\n<p class=\"\" data-start=\"3099\" data-end=\"3202\"><strong data-start=\"3099\" data-end=\"3134\">Doppelwandige Vakuum-Isolierung<\/strong>: H\u00e4lt Getr\u00e4nke bis zu 12 Stunden hei\u00df und bis zu 24 Stunden kalt.<\/p>\n<\/li>\n<li class=\"\" data-start=\"3203\" data-end=\"3314\">\n<p class=\"\" data-start=\"3205\" data-end=\"3314\"><strong data-start=\"3205\" data-end=\"3255\">Auslaufsicherer Deckel mit ergonomischem Griff<\/strong>: Verhindert das Auslaufen und erleichtert den Transport.<\/p>\n<\/li>\n<li class=\"\" data-start=\"3315\" data-end=\"3396\">\n<p class=\"\" data-start=\"3317\" data-end=\"3396\"><strong data-start=\"3317\" data-end=\"3348\">Schlankes, tragbares Design<\/strong>: Passt perfekt in g\u00e4ngige Autogetr\u00e4nkehalter.<\/p>\n<\/li>\n<li class=\"\" data-start=\"3397\" data-end=\"3514\">\n<p class=\"\" data-start=\"3399\" data-end=\"3514\"><strong data-start=\"3399\" data-end=\"3426\">Individuelle Gestaltung<\/strong>: In allen Farben erh\u00e4ltlich, mit Branding durch Siebdruck, Lasergravur oder 3D-Druck.<\/p>\n<\/li>\n<\/ul>\n<p><img loading=\"lazy\" decoding=\"async\" class=\"aligncenter wp-image-16518\" src=\"https:\/\/www.cupssupplier.com\/wp-content\/uploads\/2025\/03\/7-3-1024x1024.webp\" alt=\"car stainless steel water bottle\" width=\"800\" height=\"800\" srcset=\"https:\/\/www.cupssupplier.com\/wp-content\/uploads\/2025\/03\/7-3-1024x1024.webp 1024w, https:\/\/www.cupssupplier.com\/wp-content\/uploads\/2025\/03\/7-3-300x300.webp 300w, https:\/\/www.cupssupplier.com\/wp-content\/uploads\/2025\/03\/7-3-150x150.webp 150w, https:\/\/www.cupssupplier.com\/wp-content\/uploads\/2025\/03\/7-3-768x768.webp 768w, https:\/\/www.cupssupplier.com\/wp-content\/uploads\/2025\/03\/7-3-1536x1536.webp 1536w, https:\/\/www.cupssupplier.com\/wp-content\/uploads\/2025\/03\/7-3-600x600.webp 600w, https:\/\/www.cupssupplier.com\/wp-content\/uploads\/2025\/03\/7-3-100x100.webp 100w, https:\/\/www.cupssupplier.com\/wp-content\/uploads\/2025\/03\/7-3.webp 1920w\" sizes=\"auto, (max-width: 800px) 100vw, 800px\" title=\"\"><img loading=\"lazy\" decoding=\"async\" class=\"aligncenter wp-image-16519\" src=\"https:\/\/www.cupssupplier.com\/wp-content\/uploads\/2025\/03\/8-3-1024x1024.webp\" alt=\"car stainless steel water bottle\" width=\"800\" height=\"800\" srcset=\"https:\/\/www.cupssupplier.com\/wp-content\/uploads\/2025\/03\/8-3-1024x1024.webp 1024w, https:\/\/www.cupssupplier.com\/wp-content\/uploads\/2025\/03\/8-3-300x300.webp 300w, https:\/\/www.cupssupplier.com\/wp-content\/uploads\/2025\/03\/8-3-150x150.webp 150w, https:\/\/www.cupssupplier.com\/wp-content\/uploads\/2025\/03\/8-3-768x768.webp 768w, https:\/\/www.cupssupplier.com\/wp-content\/uploads\/2025\/03\/8-3-1536x1536.webp 1536w, https:\/\/www.cupssupplier.com\/wp-content\/uploads\/2025\/03\/8-3-600x600.webp 600w, https:\/\/www.cupssupplier.com\/wp-content\/uploads\/2025\/03\/8-3-100x100.webp 100w, https:\/\/www.cupssupplier.com\/wp-content\/uploads\/2025\/03\/8-3.webp 1920w\" sizes=\"auto, (max-width: 800px) 100vw, 800px\" title=\"\"><img loading=\"lazy\" decoding=\"async\" class=\"aligncenter wp-image-16520\" src=\"https:\/\/www.cupssupplier.com\/wp-content\/uploads\/2025\/03\/9-3-1024x1024.webp\" alt=\"car stainless steel water bottle\" width=\"800\" height=\"800\" srcset=\"https:\/\/www.cupssupplier.com\/wp-content\/uploads\/2025\/03\/9-3-1024x1024.webp 1024w, https:\/\/www.cupssupplier.com\/wp-content\/uploads\/2025\/03\/9-3-300x300.webp 300w, https:\/\/www.cupssupplier.com\/wp-content\/uploads\/2025\/03\/9-3-150x150.webp 150w, https:\/\/www.cupssupplier.com\/wp-content\/uploads\/2025\/03\/9-3-768x768.webp 768w, https:\/\/www.cupssupplier.com\/wp-content\/uploads\/2025\/03\/9-3-1536x1536.webp 1536w, https:\/\/www.cupssupplier.com\/wp-content\/uploads\/2025\/03\/9-3-600x600.webp 600w, https:\/\/www.cupssupplier.com\/wp-content\/uploads\/2025\/03\/9-3-100x100.webp 100w, https:\/\/www.cupssupplier.com\/wp-content\/uploads\/2025\/03\/9-3.webp 1920w\" sizes=\"auto, (max-width: 800px) 100vw, 800px\" title=\"\"><img loading=\"lazy\" decoding=\"async\" class=\"aligncenter wp-image-16521\" src=\"https:\/\/www.cupssupplier.com\/wp-content\/uploads\/2025\/03\/10-1024x1024.webp\" alt=\"car stainless steel water bottle\" width=\"800\" height=\"800\" srcset=\"https:\/\/www.cupssupplier.com\/wp-content\/uploads\/2025\/03\/10-1024x1024.webp 1024w, https:\/\/www.cupssupplier.com\/wp-content\/uploads\/2025\/03\/10-300x300.webp 300w, https:\/\/www.cupssupplier.com\/wp-content\/uploads\/2025\/03\/10-150x150.webp 150w, https:\/\/www.cupssupplier.com\/wp-content\/uploads\/2025\/03\/10-768x768.webp 768w, https:\/\/www.cupssupplier.com\/wp-content\/uploads\/2025\/03\/10-1536x1536.webp 1536w, https:\/\/www.cupssupplier.com\/wp-content\/uploads\/2025\/03\/10-600x600.webp 600w, https:\/\/www.cupssupplier.com\/wp-content\/uploads\/2025\/03\/10-100x100.webp 100w, https:\/\/www.cupssupplier.com\/wp-content\/uploads\/2025\/03\/10.webp 1920w\" sizes=\"auto, (max-width: 800px) 100vw, 800px\" title=\"\"><img loading=\"lazy\" decoding=\"async\" class=\"aligncenter wp-image-16522 size-full\" src=\"https:\/\/www.cupssupplier.com\/wp-content\/uploads\/2025\/03\/1-13.webp\" alt=\"car stainless steel water bottle\" width=\"800\" height=\"800\" srcset=\"https:\/\/www.cupssupplier.com\/wp-content\/uploads\/2025\/03\/1-13.webp 800w, https:\/\/www.cupssupplier.com\/wp-content\/uploads\/2025\/03\/1-13-300x300.webp 300w, https:\/\/www.cupssupplier.com\/wp-content\/uploads\/2025\/03\/1-13-150x150.webp 150w, https:\/\/www.cupssupplier.com\/wp-content\/uploads\/2025\/03\/1-13-768x768.webp 768w, https:\/\/www.cupssupplier.com\/wp-content\/uploads\/2025\/03\/1-13-600x600.webp 600w, https:\/\/www.cupssupplier.com\/wp-content\/uploads\/2025\/03\/1-13-100x100.webp 100w\" sizes=\"auto, (max-width: 800px) 100vw, 800px\" title=\"\"><img loading=\"lazy\" decoding=\"async\" class=\"aligncenter wp-image-16523 size-full\" src=\"https:\/\/www.cupssupplier.com\/wp-content\/uploads\/2025\/03\/2-15.webp\" alt=\"car stainless steel water bottle\" width=\"800\" height=\"800\" srcset=\"https:\/\/www.cupssupplier.com\/wp-content\/uploads\/2025\/03\/2-15.webp 800w, https:\/\/www.cupssupplier.com\/wp-content\/uploads\/2025\/03\/2-15-300x300.webp 300w, https:\/\/www.cupssupplier.com\/wp-content\/uploads\/2025\/03\/2-15-150x150.webp 150w, https:\/\/www.cupssupplier.com\/wp-content\/uploads\/2025\/03\/2-15-768x768.webp 768w, https:\/\/www.cupssupplier.com\/wp-content\/uploads\/2025\/03\/2-15-600x600.webp 600w, https:\/\/www.cupssupplier.com\/wp-content\/uploads\/2025\/03\/2-15-100x100.webp 100w\" sizes=\"auto, (max-width: 800px) 100vw, 800px\" title=\"\"><\/p>\n<p>&nbsp;<\/p>\n<p data-pm-slice=\"1 1 []\">Suchen Sie hochwertige, individuell gestaltbare Edelstahlflaschen f\u00fcr Ihre Marke oder Ihr Unternehmen? Unsere Gro\u00dfhandels- und Branding-Optionen machen es einfach, stilvolle Werbeartikel zu gestalten. <strong data-start=\"3717\" data-end=\"3781\">Kontaktieren Sie uns jetzt f\u00fcr Ihre individuelle Bestellung!<\/strong><\/p>\n","protected":false},"excerpt":{"rendered":"<p data-pm-slice=\"1 1 []\"><strong data-start=\"927\" data-end=\"1002\">Bleiben Sie unterwegs hydriert mit unserer Auto-Edelstahl-Wasserflasche<\/strong> \u2013 entwickelt f\u00fcr Langlebigkeit, Komfort und elegantes Design. Mit einem auslaufsicheren Deckel und ergonomischem Tragegriff passt diese Flasche perfekt in Auto-Getr\u00e4nkehalter. Ideal f\u00fcr Reisen, Pendeln oder Outdoor-Abenteuer. Erh\u00e4ltlich in individuellen Farben und mit verschiedenen Logo-Druckoptionen \u2013 perfekt f\u00fcr Markenbildung und Werbezwecke.<\/p>\n","protected":false},"featured_media":17316,"template":"","meta":{"om_disable_all_campaigns":false},"product_brand":[],"product_cat":[289],"product_tag":[],"class_list":{"0":"post-17314","1":"product","2":"type-product","3":"status-publish","4":"has-post-thumbnail","6":"product_cat-edelstahl-trinkflasche","8":"first","9":"instock","10":"shipping-taxable","11":"product-type-simple"},"_links":{"self":[{"href":"https:\/\/www.cupssupplier.com\/de\/wp-json\/wp\/v2\/product\/17314","targetHints":{"allow":["GET"]}}],"collection":[{"href":"https:\/\/www.cupssupplier.com\/de\/wp-json\/wp\/v2\/product"}],"about":[{"href":"https:\/\/www.cupssupplier.com\/de\/wp-json\/wp\/v2\/types\/product"}],"wp:featuredmedia":[{"embeddable":true,"href":"https:\/\/www.cupssupplier.com\/de\/wp-json\/wp\/v2\/media\/17316"}],"wp:attachment":[{"href":"https:\/\/www.cupssupplier.com\/de\/wp-json\/wp\/v2\/media?parent=17314"}],"wp:term":[{"taxonomy":"product_brand","embeddable":true,"href":"https:\/\/www.cupssupplier.com\/de\/wp-json\/wp\/v2\/product_brand?post=17314"},{"taxonomy":"product_cat","embeddable":true,"href":"https:\/\/www.cupssupplier.com\/de\/wp-json\/wp\/v2\/product_cat?post=17314"},{"taxonomy":"product_tag","embeddable":true,"href":"https:\/\/www.cupssupplier.com\/de\/wp-json\/wp\/v2\/product_tag?post=17314"}],"curies":[{"name":"wp","href":"https:\/\/api.w.org\/{rel}","templated":true}]}}