{"id":17110,"date":"2025-03-08T01:27:56","date_gmt":"2025-03-08T06:27:56","guid":{"rendered":"https:\/\/www.cupssupplier.com\/product\/wholesale-stainless-steel-vacuum-insulated-bottle\/"},"modified":"2025-04-16T01:42:36","modified_gmt":"2025-04-16T05:42:36","slug":"wholesale-stainless-steel-vacuum-insulated-bottle","status":"publish","type":"product","link":"https:\/\/www.cupssupplier.com\/de\/wholesale-stainless-steel-vacuum-insulated-bottle\/","title":{"rendered":"Edelstahl-Vakuumflasche Gro\u00dfhandel"},"content":{"rendered":"<p data-start=\"2093\" data-end=\"2448\">Edelstahl-Vakuumflasche Gro\u00dfhandel<\/p>\n<p class=\"\" data-start=\"2093\" data-end=\"2448\">Diese vakuumisolierte Flasche hat eine elegante zylindrische Form mit ergonomischem Griff f\u00fcr einfaches Handling. Erh\u00e4ltlich in auff\u00e4lligen Ausf\u00fchrungen \u2013 von matten T\u00f6nen \u00fcber gl\u00e4nzende Farbverl\u00e4ufe bis hin zu robusten, geh\u00e4mmerten Pulverbeschichtungen. Individuelle Logodrucke oder Gravuren verleihen eine pers\u00f6nliche Note \u2013 perfekt f\u00fcrs Firmenbranding.<\/p>\n<p class=\"\" data-start=\"2450\" data-end=\"2667\">Optimieren Sie Ihre Hydration mit unserer vakuumisolierten Edelstahlflasche \u2013 langlebig, temperaturbest\u00e4ndig und stilvoll. Ob f\u00fcr Sportler, B\u00fcroangestellte oder Outdoor-Fans \u2013 diese Flasche \u00fcberzeugt auf ganzer Linie.<\/p>\n<p class=\"\" data-start=\"2669\" data-end=\"2690\"><strong data-start=\"2669\" data-end=\"2690\">Premium-Merkmale:<\/strong><\/p>\n<p class=\"\" data-start=\"2692\" data-end=\"3349\">\u2714 <strong data-start=\"2694\" data-end=\"2720\">Hochwertiger Edelstahl<\/strong> \u2013 Aus rostfreiem 304 oder 316 Edelstahl, langlebig, BPA-frei und sicher f\u00fcr Getr\u00e4nke.<br data-start=\"2806\" data-end=\"2809\" \/>\u2714 <strong data-start=\"2811\" data-end=\"2832\">Vakuum-Isolierung<\/strong> \u2013 H\u00e4lt Getr\u00e4nke bis zu 12 Stunden hei\u00df und 24 Stunden kalt \u2013 ideal f\u00fcr Kaffee oder kalte Drinks.<br data-start=\"2929\" data-end=\"2932\" \/>\u2714 <strong data-start=\"2934\" data-end=\"2962\">Individuelle Oberfl\u00e4chen<\/strong> \u2013 Matt, gummiert, Farbverlauf, gl\u00e4nzend oder geh\u00e4mmert \u2013 passend zu Ihrer Marke.<br data-start=\"3043\" data-end=\"3046\" \/>\u2714 <strong data-start=\"3048\" data-end=\"3074\">Individuelles Branding<\/strong> \u2013 Logo, Muster oder Design durch Siebdruck, Lasergravur oder 3D-Druck.<br data-start=\"3145\" data-end=\"3148\" \/>\u2714 <strong data-start=\"3150\" data-end=\"3185\">Auslaufsicher &amp; Reisefreundlich<\/strong> \u2013 Sicherer Schraubverschluss f\u00fcr unterwegs, beim Pendeln oder Sport.<br data-start=\"3254\" data-end=\"3257\" \/>\u2714 <strong data-start=\"3259\" data-end=\"3295\">Gro\u00dfbestellungen &amp; Mengenrabatte<\/strong> \u2013 Perfekt f\u00fcr Promotion, Geschenke oder Einzelhandel.<\/p>\n<p><img loading=\"lazy\" decoding=\"async\" class=\"aligncenter wp-image-16550 size-full\" src=\"https:\/\/www.cupssupplier.com\/wp-content\/uploads\/2025\/03\/1-15.webp\" alt=\"wholesale stainless steel vacuum insulated bottle\" width=\"750\" height=\"2160\" srcset=\"https:\/\/www.cupssupplier.com\/wp-content\/uploads\/2025\/03\/1-15.webp 750w, https:\/\/www.cupssupplier.com\/wp-content\/uploads\/2025\/03\/1-15-104x300.webp 104w, https:\/\/www.cupssupplier.com\/wp-content\/uploads\/2025\/03\/1-15-356x1024.webp 356w, https:\/\/www.cupssupplier.com\/wp-content\/uploads\/2025\/03\/1-15-533x1536.webp 533w, https:\/\/www.cupssupplier.com\/wp-content\/uploads\/2025\/03\/1-15-711x2048.webp 711w, https:\/\/www.cupssupplier.com\/wp-content\/uploads\/2025\/03\/1-15-300x864.webp 300w, https:\/\/www.cupssupplier.com\/wp-content\/uploads\/2025\/03\/1-15-600x1728.webp 600w\" sizes=\"auto, (max-width: 750px) 100vw, 750px\" title=\"\"><\/p>\n<p><img loading=\"lazy\" decoding=\"async\" class=\"aligncenter wp-image-16551 size-full\" src=\"https:\/\/www.cupssupplier.com\/wp-content\/uploads\/2025\/03\/2-19.webp\" alt=\"wholesale stainless steel vacuum insulated bottle\" width=\"750\" height=\"2200\" srcset=\"https:\/\/www.cupssupplier.com\/wp-content\/uploads\/2025\/03\/2-19.webp 750w, https:\/\/www.cupssupplier.com\/wp-content\/uploads\/2025\/03\/2-19-102x300.webp 102w, https:\/\/www.cupssupplier.com\/wp-content\/uploads\/2025\/03\/2-19-349x1024.webp 349w, https:\/\/www.cupssupplier.com\/wp-content\/uploads\/2025\/03\/2-19-524x1536.webp 524w, https:\/\/www.cupssupplier.com\/wp-content\/uploads\/2025\/03\/2-19-698x2048.webp 698w, https:\/\/www.cupssupplier.com\/wp-content\/uploads\/2025\/03\/2-19-300x880.webp 300w, https:\/\/www.cupssupplier.com\/wp-content\/uploads\/2025\/03\/2-19-600x1760.webp 600w\" sizes=\"auto, (max-width: 750px) 100vw, 750px\" title=\"\"><\/p>\n<p><img loading=\"lazy\" decoding=\"async\" class=\"aligncenter wp-image-16552 size-full\" src=\"https:\/\/www.cupssupplier.com\/wp-content\/uploads\/2025\/03\/3-19-e1741416401210.webp\" alt=\"wholesale stainless steel vacuum insulated bottle\" width=\"750\" height=\"918\" srcset=\"https:\/\/www.cupssupplier.com\/wp-content\/uploads\/2025\/03\/3-19-e1741416401210.webp 750w, https:\/\/www.cupssupplier.com\/wp-content\/uploads\/2025\/03\/3-19-e1741416401210-245x300.webp 245w, https:\/\/www.cupssupplier.com\/wp-content\/uploads\/2025\/03\/3-19-e1741416401210-300x367.webp 300w, https:\/\/www.cupssupplier.com\/wp-content\/uploads\/2025\/03\/3-19-e1741416401210-600x734.webp 600w\" sizes=\"auto, (max-width: 750px) 100vw, 750px\" title=\"\"><\/p>\n<p><img loading=\"lazy\" decoding=\"async\" class=\"aligncenter wp-image-16553 size-full\" src=\"https:\/\/www.cupssupplier.com\/wp-content\/uploads\/2025\/03\/4-16.webp\" alt=\"wholesale stainless steel vacuum insulated bottle\" width=\"750\" height=\"1360\" srcset=\"https:\/\/www.cupssupplier.com\/wp-content\/uploads\/2025\/03\/4-16.webp 750w, https:\/\/www.cupssupplier.com\/wp-content\/uploads\/2025\/03\/4-16-165x300.webp 165w, https:\/\/www.cupssupplier.com\/wp-content\/uploads\/2025\/03\/4-16-565x1024.webp 565w, https:\/\/www.cupssupplier.com\/wp-content\/uploads\/2025\/03\/4-16-300x544.webp 300w, https:\/\/www.cupssupplier.com\/wp-content\/uploads\/2025\/03\/4-16-600x1088.webp 600w\" sizes=\"auto, (max-width: 750px) 100vw, 750px\" title=\"\"><\/p>\n<p data-start=\"1101\" data-end=\"2049\">Suchen Sie hochwertige Edelstahlflaschen in gro\u00dfen Mengen? Wir sind auf individuelle Farben, Logogravur und Gro\u00dfhandelspreise spezialisiert, um Unternehmen bei der Herstellung von hochwertigem Marken-Trinkgeschirr zu unterst\u00fctzen. Kontaktieren Sie uns noch heute f\u00fcr ein Angebot und beginnen Sie mit der Individualisierung Ihrer Bestellung!<\/p>\n","protected":false},"excerpt":{"rendered":"<p data-start=\"178\" data-end=\"735\">Bleiben Sie den ganzen Tag \u00fcber erfrischt mit unserer vakuumisolierten Edelstahlflasche im Gro\u00dfhandel! Hergestellt aus hochwertigem 304 oder 316 Edelstahl mit doppelwandiger Vakuumisolierung \u2013 h\u00e4lt Getr\u00e4nke 12 Stunden hei\u00df und 24 Stunden kalt. Das elegante, ergonomische Design ist in mattem, gummiertem, Farbverlauf-, gl\u00e4nzendem oder geh\u00e4mmertem Finish erh\u00e4ltlich. Ideal f\u00fcr Unternehmen, Werbegeschenke und den Einzelhandel \u2013 mit Logooptionen durch Siebdruck, Lasergravur oder 3D-Druck.<\/p>\n","protected":false},"featured_media":17112,"template":"","meta":{"om_disable_all_campaigns":false},"product_brand":[],"product_cat":[289],"product_tag":[],"class_list":{"0":"post-17110","1":"product","2":"type-product","3":"status-publish","4":"has-post-thumbnail","6":"product_cat-edelstahl-trinkflasche","8":"first","9":"instock","10":"shipping-taxable","11":"product-type-simple"},"_links":{"self":[{"href":"https:\/\/www.cupssupplier.com\/de\/wp-json\/wp\/v2\/product\/17110","targetHints":{"allow":["GET"]}}],"collection":[{"href":"https:\/\/www.cupssupplier.com\/de\/wp-json\/wp\/v2\/product"}],"about":[{"href":"https:\/\/www.cupssupplier.com\/de\/wp-json\/wp\/v2\/types\/product"}],"wp:featuredmedia":[{"embeddable":true,"href":"https:\/\/www.cupssupplier.com\/de\/wp-json\/wp\/v2\/media\/17112"}],"wp:attachment":[{"href":"https:\/\/www.cupssupplier.com\/de\/wp-json\/wp\/v2\/media?parent=17110"}],"wp:term":[{"taxonomy":"product_brand","embeddable":true,"href":"https:\/\/www.cupssupplier.com\/de\/wp-json\/wp\/v2\/product_brand?post=17110"},{"taxonomy":"product_cat","embeddable":true,"href":"https:\/\/www.cupssupplier.com\/de\/wp-json\/wp\/v2\/product_cat?post=17110"},{"taxonomy":"product_tag","embeddable":true,"href":"https:\/\/www.cupssupplier.com\/de\/wp-json\/wp\/v2\/product_tag?post=17110"}],"curies":[{"name":"wp","href":"https:\/\/api.w.org\/{rel}","templated":true}]}}